{"id":857,"date":"2024-11-20T10:41:23","date_gmt":"2024-11-20T10:41:23","guid":{"rendered":"https:\/\/bojanasinic.com\/?page_id=857"},"modified":"2026-02-10T18:31:39","modified_gmt":"2026-02-10T18:31:39","slug":"individualno-svetovanje","status":"publish","type":"page","link":"https:\/\/bojanasinic.com\/en\/individualno-svetovanje\/","title":{"rendered":"Individual counseling"},"content":{"rendered":"<div class=\"wp-block-stackable-columns stk-block-columns stk-block stk-5c4d3a0\" data-block-id=\"5c4d3a0\"><style>.stk-5c4d3a0 .stk--block-align-5c4d3a0{align-items:center !important;}.stk-5c4d3a0 {padding-top:50px !important;margin-top:0px !important;margin-bottom:0px !important;}.stk-5c4d3a0-column{max-width:1200px !important;min-width:auto !important;--stk-columns-spacing:0px !important;--stk-column-gap:60px !important;}@media screen and (max-width: 1023px){.stk-5c4d3a0 {padding-top:0px !important;padding-right:30px !important;padding-left:30px !important;}.stk-5c4d3a0-column{--stk-columns-spacing:0px !important;--stk-column-gap:30px !important;}}@media screen and (max-width: 767px){.stk-5c4d3a0 {padding-top:30px !important;padding-right:30px !important;padding-bottom:0px !important;padding-left:30px !important;z-index:0 !important;}.stk-5c4d3a0-column{--stk-columns-spacing:0px !important;--stk-column-gap:0px !important;row-gap:40px !important;}}<\/style><div class=\"stk-row stk-inner-blocks stk--block-align-5c4d3a0 stk-block-content stk-content-align stk-5c4d3a0-column\">\n<div class=\"wp-block-stackable-column stk-block-column stk-column stk-block stk-fd20024\" data-v=\"4\" data-block-id=\"fd20024\"><style>.stk-fd20024-container{margin-top:0px !important;margin-right:0px !important;margin-bottom:0px !important;margin-left:0px !important;min-height:0px !important;}.stk-fd20024-inner-blocks{align-items:flex-start !important;}.stk-fd20024 {align-items:center !important;display:flex !important;}@media screen and (max-width: 1023px){.stk-fd20024-container{margin-top:0px !important;margin-right:0px !important;margin-bottom:0px !important;margin-left:0px !important;}.stk-fd20024 {padding-top:0px !important;padding-right:0px !important;padding-bottom:0px !important;padding-left:0px !important;}}@media screen and (max-width: 767px){.stk-fd20024-container{margin-top:0px !important;margin-right:0px !important;margin-bottom:0px !important;margin-left:0px !important;}.stk-fd20024 {padding-top:0px !important;padding-right:0px !important;padding-bottom:0px !important;padding-left:0px !important;}}<\/style><div class=\"stk-column-wrapper stk-block-column__content stk-container stk-fd20024-container stk--no-background stk--no-padding\"><div class=\"has-text-align-left stk--column-flex stk-block-content stk-inner-blocks stk-fd20024-inner-blocks\">\n<div class=\"wp-block-stackable-heading stk-block-heading stk-block-heading--v2 stk-block stk-d515074\" id=\"individualno-svetovanje\" data-block-id=\"d515074\"><style>.stk-d515074 {margin-bottom:12px !important;}@media screen and (max-width: 1023px){.stk-d515074 .stk-block-heading__text{font-size:30px !important;}}@media screen and (max-width: 767px){.stk-d515074 .stk-block-heading__text{font-size:30px !important;}}<\/style><h1 class=\"stk-block-heading__text has-text-align-left\">Individual counseling<\/h1><\/div>\n\n\n\n<div class=\"wp-block-stackable-text stk-block-text stk-block stk-8cd3b24\" data-block-id=\"8cd3b24\"><style>.stk-8cd3b24 {max-width:1000px !important;min-width:auto !important;margin-right:auto !important;margin-bottom:15px !important;margin-left:auto !important;}@media screen and (max-width: 1023px){.stk-8cd3b24 {margin-bottom:0px !important;}.stk-8cd3b24 .stk-block-text__text{font-size:16px !important;}}@media screen and (max-width: 767px){.stk-8cd3b24 {padding-right:0px !important;padding-left:0px !important;}.stk-8cd3b24 .stk-block-text__text{font-size:16px !important;}}<\/style><p class=\"stk-block-text__text has-text-align-justify\">The greatest responsibility a person has in life is to truly know themselves, and life itself is our greatest teacher. I believe that all the answers we seek already live within us. Each of us carries an inner teacher \u2014 an inner compass \u2014 connected to everything that co-creates our experience.<\/p><\/div>\n\n\n\n<div class=\"wp-block-stackable-text stk-block-text stk-block stk-9888eb5\" data-block-id=\"9888eb5\"><p class=\"stk-block-text__text\">The external world, often moving far too fast, rarely gives us the space to truly listen to ourselves, to sit in silence, and to be fully present. That is why we must consciously choose to pause, and nature can be a powerful ally in this process. Time spent in nature helps us reconnect with our true self and gently settle into our emotional body, where so much wisdom is stored. There, we find the space to listen, to feel, and to make choices that nourish our soul. <\/p><\/div>\n<\/div><\/div><\/div>\n\n\n\n<div class=\"wp-block-stackable-column stk-block-column stk-column stk-block stk-fa8fe01\" data-v=\"4\" data-block-id=\"fa8fe01\"><style>.stk-fa8fe01-container{margin-top:0px !important;margin-right:0px !important;margin-bottom:0px !important;margin-left:0px !important;}.stk-fa8fe01 {overflow:hidden !important;}@media screen and (max-width: 1023px){.stk-fa8fe01-container{margin-top:0px !important;margin-right:0px !important;margin-bottom:0px !important;margin-left:0px !important;}.stk-fa8fe01-inner-blocks{justify-content:center !important;}.stk-fa8fe01 {min-height:0px !important;}}@media screen and (max-width: 767px){.stk-fa8fe01-container{margin-top:0px !important;margin-right:0px !important;margin-bottom:0px !important;margin-left:0px !important;}}<\/style><div class=\"stk-column-wrapper stk-block-column__content stk-container stk-fa8fe01-container stk--no-background stk--no-padding\"><div class=\"stk-block-content stk-inner-blocks stk-fa8fe01-inner-blocks\">\n<div class=\"wp-block-stackable-image stk-block-image stk-block stk-0995c74\" data-block-id=\"0995c74\"><style>.stk-0995c74 {align-items:center !important;display:flex !important;}.stk-0995c74 .stk-img-wrapper{aspect-ratio:1\/1 !important;width:100% !important;height:auto !important;}.stk-0995c74 .stk-img-wrapper img{filter:brightness(1.1) !important;object-position:48% 55.00000000000001% !important;}@media screen and (max-width: 1023px){.stk-0995c74:hover{padding-top:0px !important;padding-right:0px !important;padding-bottom:0px !important;padding-left:0px !important;}.stk-0995c74 .stk-img-wrapper{aspect-ratio:1\/1 !important;width:100% !important;height:auto !important;}}@media screen and (max-width: 767px){.stk-0995c74 {margin-bottom:0px !important;}.stk-0995c74 .stk-img-wrapper{aspect-ratio:1\/1 !important;width:100% !important;height:auto !important;}.stk-0995c74 .stk-img-wrapper img{object-position:48% 40% !important;}}<\/style><figure><span class=\"stk-img-wrapper stk-image--shape-stretch\"><img loading=\"lazy\" decoding=\"async\" class=\"stk-img wp-image-1726\" src=\"https:\/\/bojanasinic.com\/wp-content\/uploads\/2025\/04\/BOJANA-2025-04-27-at-16.56.25.png\" width=\"1840\" height=\"1813\" srcset=\"https:\/\/bojanasinic.com\/wp-content\/uploads\/2025\/04\/BOJANA-2025-04-27-at-16.56.25.png 1840w, https:\/\/bojanasinic.com\/wp-content\/uploads\/2025\/04\/BOJANA-2025-04-27-at-16.56.25-300x296.png 300w, https:\/\/bojanasinic.com\/wp-content\/uploads\/2025\/04\/BOJANA-2025-04-27-at-16.56.25-1024x1009.png 1024w, https:\/\/bojanasinic.com\/wp-content\/uploads\/2025\/04\/BOJANA-2025-04-27-at-16.56.25-768x757.png 768w, https:\/\/bojanasinic.com\/wp-content\/uploads\/2025\/04\/BOJANA-2025-04-27-at-16.56.25-1536x1513.png 1536w, https:\/\/bojanasinic.com\/wp-content\/uploads\/2025\/04\/BOJANA-2025-04-27-at-16.56.25-12x12.png 12w\" sizes=\"auto, (max-width: 1840px) 100vw, 1840px\" \/><\/span><\/figure><\/div>\n<\/div><\/div><\/div>\n<\/div><\/div>\n\n\n\n<div class=\"wp-block-stackable-columns stk-block-columns stk-block stk-b9f3a44\" data-block-id=\"b9f3a44\"><style>.stk-b9f3a44 {padding-top:100px !important;padding-bottom:120px !important;margin-bottom:0px !important;}.stk-b9f3a44:hover{padding-top:100px !important;}@media screen and (max-width: 1023px){.stk-b9f3a44 {padding-top:40px !important;padding-right:30px !important;padding-bottom:40px !important;padding-left:30px !important;}.stk-b9f3a44:hover{padding-top:40px !important;}}@media screen and (max-width: 767px){.stk-b9f3a44 {padding-top:40px !important;padding-right:30px !important;padding-left:30px !important;}.stk-b9f3a44:hover{padding-top:40px !important;}}<\/style><div class=\"stk-row stk-inner-blocks stk-block-content stk-content-align stk-b9f3a44-column\">\n<div class=\"wp-block-stackable-column stk-block-column stk-column stk-block stk-477eff0\" data-v=\"4\" data-block-id=\"477eff0\"><style>.stk-477eff0-container{background-color:#faf7f4 !important;box-shadow:none !important;max-width:1200px !important;min-width:auto !important;padding-top:104px !important;padding-right:104px !important;padding-bottom:104px !important;padding-left:104px !important;margin-right:auto !important;margin-left:auto !important;}.stk-477eff0-container:hover{background-color:#faf2ed !important;}.stk-477eff0-container:before{background-color:#faf7f4 !important;}.stk-477eff0-container:hover:before{background-color:#faf2ed !important;}@media screen and (max-width: 767px){.stk-477eff0-container{padding-top:30px !important;padding-right:30px !important;padding-bottom:30px !important;padding-left:30px !important;}}<\/style><div class=\"stk-column-wrapper stk-block-column__content stk-container stk-477eff0-container stk-hover-parent\"><div class=\"stk-block-content stk-inner-blocks stk-477eff0-inner-blocks\">\n<div class=\"wp-block-stackable-text stk-block-text stk-block stk-d4f6126\" data-block-id=\"d4f6126\"><style>@media screen and (max-width: 1023px){.stk-d4f6126 .stk-block-text__text{font-size:16px !important;}}@media screen and (max-width: 767px){.stk-d4f6126 .stk-block-text__text{font-size:16px !important;}}<\/style><p class=\"stk-block-text__text has-text-align-center\">By working on myself and with clients, I have come to realise how important it is to have such safe space. Based on that, I have created a programme, where your inner voice can be heard and you can align with your own source connection. Within the session, you are supported with conversation, gentle meditation, and various practical tools that help calm your body and mind. Each session is tailored to the client's needs. A safe space for self-discovery and creating new opportunities is made for you to live yourself more fully and to start creating your life in a way that works best for you.<br>Each of our life situations where inner distress is felt is an opportunity for us to grow, to hear ourselves better, and to become aware of what message such moments are trying to convey.<br><br>We are all looking for new experiences and expansion and by doing so, growth is unavoidable. <\/p><\/div>\n<\/div><\/div><\/div>\n<\/div><\/div>\n\n\n\n<div class=\"wp-block-stackable-columns stk-block-columns stk-block stk-6e43bce\" data-block-id=\"6e43bce\"><style>.stk-6e43bce {padding-top:0px !important;padding-bottom:120px !important;margin-bottom:0px !important;}.stk-6e43bce-column{max-width:922px !important;min-width:auto !important;}@media screen and (max-width: 1023px){.stk-6e43bce {padding-top:40px !important;padding-right:30px !important;padding-bottom:40px !important;padding-left:30px !important;}.stk-6e43bce:hover{padding-top:40px !important;}}@media screen and (max-width: 767px){.stk-6e43bce {padding-top:40px !important;padding-right:30px !important;padding-left:30px !important;}.stk-6e43bce:hover{padding-top:40px !important;}}<\/style><div class=\"stk-row stk-inner-blocks stk-block-content stk-content-align stk-6e43bce-column\">\n<div class=\"wp-block-stackable-column stk-block-column stk-column stk-block stk-51819fa\" data-v=\"4\" data-block-id=\"51819fa\"><style>.stk-51819fa-container{box-shadow:none !important;padding-top:0px !important;padding-right:0px !important;padding-bottom:0px !important;padding-left:0px !important;}@media screen and (max-width: 767px){.stk-51819fa-container{padding-top:30px !important;padding-right:30px !important;padding-bottom:30px !important;padding-left:30px !important;}}<\/style><div class=\"stk-column-wrapper stk-block-column__content stk-container stk-51819fa-container stk-hover-parent\"><div class=\"stk-block-content stk-inner-blocks stk-51819fa-inner-blocks\">\n<div class=\"wp-block-stackable-heading stk-block-heading stk-block-heading--v2 stk-block stk-a3fecbd\" id=\"individulano-svetovanje-je-namenjeno-za\" data-block-id=\"a3fecbd\"><style>.stk-a3fecbd {margin-bottom:34px !important;}<\/style><h2 class=\"stk-block-heading__text has-text-align-center\">Individual counseling is intended for<\/h2><\/div>\n\n\n\n<div class=\"wp-block-stackable-text stk-block-text stk-block stk-b15775f\" data-block-id=\"b15775f\"><style>.stk-b15775f {column-count:1 !important;margin-bottom:32px !important;}<\/style><p class=\"stk-block-text__text has-text-align-center\">\u2013 individuals who want a change in their lives and a deeper connection with themselves<br>- parents who have experienced loss of a child during pregnancy and would like some extra support. Experiencing loss can be very challenging and can often make you feel lonely and misunderstood. I am here to support you<\/p><\/div>\n\n\n\n<div class=\"wp-block-stackable-text stk-block-text stk-block stk-a61a295\" data-block-id=\"a61a295\"><style>.stk-a61a295 {margin-bottom:32px !important;}<\/style><p class=\"stk-block-text__text has-text-align-center\">The session is 120 minutes long, divided into two meetings and is held online.<\/p><\/div>\n\n\n\n<div class=\"wp-block-stackable-button-group stk-block-button-group stk-block stk-8ea8923\" data-block-id=\"8ea8923\"><style>.stk-8ea8923 {margin-bottom:0px !important;}.stk-8ea8923 .stk-inner-blocks{column-gap:30px !important;}<\/style><div class=\"stk-row stk-inner-blocks has-text-align-center stk-block-content stk-button-group\">\n<div class=\"wp-block-stackable-button stk-block-button is-style-ghost stk-block stk-8a552d2\" data-block-id=\"8a552d2\"><style>.stk-8a552d2 .stk-button{padding-top:10px !important;padding-right:18px !important;padding-bottom:10px !important;padding-left:18px !important;background:transparent !important;}.stk-8a552d2 .stk-button:hover:after{background:#212427 !important;opacity:1 !important;}:where(.stk-hover-parent:hover,  .stk-hover-parent.stk--is-hovered) .stk-8a552d2 .stk-button:after{background:transparent !important;opacity:1 !important;}.stk-8a552d2 .stk-button:before{border-style:solid !important;border-color:#393F3A !important;border-top-width:1.5px !important;border-right-width:1.5px !important;border-bottom-width:1.5px !important;border-left-width:1.5px !important;}.stk-8a552d2 .stk-button .stk--inner-svg svg:last-child, .stk-8a552d2 .stk-button .stk--inner-svg svg:last-child :is(g, path, rect, polygon, ellipse){fill:#393F3A !important;}.stk-8a552d2 .stk-button:hover .stk--inner-svg svg:last-child, .stk-8a552d2 .stk-button:hover .stk--inner-svg svg:last-child :is(g, path, rect, polygon, ellipse){fill:#000000 !important;}.stk-8a552d2 .stk-button__inner-text{color:#393F3A !important;}.stk-8a552d2 .stk-button:hover .stk-button__inner-text{color:#ffffff !important;}@media screen and (max-width: 1023px){.stk-8a552d2 .stk-button__inner-text{font-size:16px !important;}}@media screen and (max-width: 767px){.stk-8a552d2 .stk-button{padding-right:15px !important;padding-left:15px !important;}.stk-8a552d2 .stk-button__inner-text{font-size:16px !important;}}<\/style><a class=\"stk-link stk-button stk--hover-effect-darken\" href=\"https:\/\/bojanasinic.com\/en\/kontakt\/\"><span class=\"has-text-color stk-button__inner-text\">Contact me<\/span><\/a><\/div>\n<\/div><\/div>\n<\/div><\/div><\/div>\n<\/div><\/div>","protected":false},"excerpt":{"rendered":"<p>Individualno svetovanje Najve\u010dja odgovornost \u010dloveka v \u017eivljenju je, da spozna samega sebe in \u017eivljenje je na\u0161 najve\u010dji u\u010ditelj. Verjamem, da vse odgovore nosimo v sebi. Vsi imamo v sebi notranjega u\u010ditelja, na\u0161 notranji kompas, ki je povezan z vsem, kar z nami soustvarja. Zunanji, velikokrat prehiter svet, nam ne da prilo\u017enosti, da se sli\u0161imo, posedimo [&hellip;]<\/p>\n","protected":false},"author":2,"featured_media":0,"parent":0,"menu_order":0,"comment_status":"closed","ping_status":"closed","template":"page-no-title","meta":{"episode_type":"","audio_file":"","podmotor_file_id":"","podmotor_episode_id":"","cover_image":"","cover_image_id":"","duration":"","filesize":"","filesize_raw":"","date_recorded":"","explicit":"","block":"","itunes_episode_number":"","itunes_title":"","itunes_season_number":"","itunes_episode_type":"","footnotes":""},"class_list":["post-857","page","type-page","status-publish","hentry"],"_links":{"self":[{"href":"https:\/\/bojanasinic.com\/en\/wp-json\/wp\/v2\/pages\/857","targetHints":{"allow":["GET"]}}],"collection":[{"href":"https:\/\/bojanasinic.com\/en\/wp-json\/wp\/v2\/pages"}],"about":[{"href":"https:\/\/bojanasinic.com\/en\/wp-json\/wp\/v2\/types\/page"}],"author":[{"embeddable":true,"href":"https:\/\/bojanasinic.com\/en\/wp-json\/wp\/v2\/users\/2"}],"replies":[{"embeddable":true,"href":"https:\/\/bojanasinic.com\/en\/wp-json\/wp\/v2\/comments?post=857"}],"version-history":[{"count":77,"href":"https:\/\/bojanasinic.com\/en\/wp-json\/wp\/v2\/pages\/857\/revisions"}],"predecessor-version":[{"id":1884,"href":"https:\/\/bojanasinic.com\/en\/wp-json\/wp\/v2\/pages\/857\/revisions\/1884"}],"wp:attachment":[{"href":"https:\/\/bojanasinic.com\/en\/wp-json\/wp\/v2\/media?parent=857"}],"curies":[{"name":"wp","href":"https:\/\/api.w.org\/{rel}","templated":true}]}}