{"id":315,"date":"2024-11-13T10:00:09","date_gmt":"2024-11-13T10:00:09","guid":{"rendered":"https:\/\/bojanasinic.com\/?page_id=315"},"modified":"2025-04-29T12:17:33","modified_gmt":"2025-04-29T12:17:33","slug":"moja-zgodba","status":"publish","type":"page","link":"https:\/\/bojanasinic.com\/sl\/moja-zgodba\/","title":{"rendered":"Moja zgodba"},"content":{"rendered":"\n<div class=\"wp-block-stackable-columns stk-block-columns stk-block stk-9e90164\" data-block-id=\"9e90164\"><style>.stk-9e90164 {margin-top:0px !important;margin-bottom:0px !important;}.stk-9e90164-column{max-width:1200px !important;min-width:auto !important;--stk-columns-spacing:0px !important;--stk-column-gap:60px !important;}@media screen and (max-width: 1023px){.stk-9e90164-column{--stk-columns-spacing:0px !important;}}@media screen and (max-width: 767px){.stk-9e90164 {z-index:0 !important;}.stk-9e90164-column{--stk-columns-spacing:0px !important;row-gap:40px !important;}}<\/style><div class=\"stk-row stk-inner-blocks stk-block-content stk-content-align stk-9e90164-column\">\n<div class=\"wp-block-stackable-column stk-block-column stk-column stk-block stk-74d2602 stk-block-background stk--has-background-overlay\" data-v=\"4\" data-block-id=\"74d2602\"><style>.stk-74d2602 {background-color:transparent !important;background-image:url(https:\/\/bojanasinic.com\/wp-content\/uploads\/2025\/01\/photo__0151-1-scaled.jpg) !important;background-position:center center !important;background-repeat:no-repeat !important;background-size:cover !important;min-height:686px !important;align-items:center !important;padding-top:92px !important;padding-right:92px !important;padding-bottom:92px !important;padding-left:92px !important;display:flex !important;}.stk-74d2602:before{opacity:0.9 !important;background-image:linear-gradient(90deg,  0%, rgba(0,0,0,0) 100%) !important;}@media screen and (max-width: 1023px){.stk-74d2602 {min-height:593px !important;padding-top:38px !important;padding-right:38px !important;padding-bottom:38px !important;padding-left:38px !important;}}@media screen and (max-width: 767px){.stk-74d2602 {min-height:60vh !important;align-items:flex-end !important;padding-top:25px !important;padding-right:25px !important;padding-bottom:25px !important;padding-left:25px !important;display:flex !important;}}<\/style><div class=\"stk-column-wrapper stk-block-column__content stk-container stk-74d2602-container stk--no-background stk--no-padding\"><div class=\"stk-block-content stk-inner-blocks stk-74d2602-inner-blocks\"><\/div><\/div><\/div>\n<\/div><\/div>\n\n\n\n<div class=\"wp-block-stackable-columns alignfull stk-block-columns stk--hide-desktop stk--hide-tablet stk--hide-mobile stk-block stk-90909fc\" data-block-id=\"90909fc\"><style>.stk-90909fc .stk--block-align-90909fc{align-items:center !important;}.stk-90909fc {margin-bottom:0px !important;}.stk-90909fc-column{--stk-columns-spacing:0px !important;--stk-column-gap:70px !important;}@media screen and (max-width: 767px){.stk-90909fc-column{row-gap:40px !important;}}<\/style><div class=\"stk-row stk-inner-blocks stk--block-align-90909fc stk-block-content stk-content-align stk-90909fc-column alignfull\">\n<div class=\"wp-block-stackable-column stk-block-column stk-column stk-block stk-adaff42\" data-v=\"4\" data-block-id=\"adaff42\"><style>.stk-adaff42 {margin-bottom:0px !important;}<\/style><div class=\"stk-column-wrapper stk-block-column__content stk-container stk-adaff42-container stk--no-background stk--no-padding\"><div class=\"stk-block-content stk-inner-blocks stk-adaff42-inner-blocks\">\n<div class=\"wp-block-stackable-image-box stk-block-image-box stk-hover-parent stk-block stk-1b935c5\" data-block-id=\"1b935c5\"><div class=\"stk-block-content stk-inner-blocks has-text-align-center stk-row stk-block-image-box__content\">\n<div class=\"wp-block-stackable-image stk-block-image stk-block stk-b2b35e0\" data-block-id=\"b2b35e0\"><style>.stk-b2b35e0 {overflow:hidden !important;}.stk-b2b35e0 .stk-img-wrapper{width:100% !important;height:611px !important;}.stk-b2b35e0 .stk-img-wrapper img{filter:brightness(1.1) !important;transform:scale(1.44) !important;object-position:55.00000000000001% 66% !important;}@media screen and (max-width: 1023px){.stk-b2b35e0 .stk-img-wrapper{height:353px !important;}.stk-b2b35e0 .stk-img-wrapper img{object-position:54% 86% !important;}}@media screen and (max-width: 767px){.stk-b2b35e0 .stk-img-wrapper{width:100% !important;height:200px !important;}.stk-b2b35e0 .stk-img-wrapper img{object-position:53% 87% !important;}}<\/style><figure><span class=\"stk-img-wrapper stk-image--shape-stretch\"><img loading=\"lazy\" decoding=\"async\" class=\"stk-img wp-image-1579\" src=\"https:\/\/bojanasinic.com\/wp-content\/uploads\/2025\/01\/photo__0093-scaled.jpg\" width=\"1707\" height=\"2560\" srcset=\"https:\/\/bojanasinic.com\/wp-content\/uploads\/2025\/01\/photo__0093-scaled.jpg 1707w, https:\/\/bojanasinic.com\/wp-content\/uploads\/2025\/01\/photo__0093-200x300.jpg 200w, https:\/\/bojanasinic.com\/wp-content\/uploads\/2025\/01\/photo__0093-683x1024.jpg 683w, https:\/\/bojanasinic.com\/wp-content\/uploads\/2025\/01\/photo__0093-768x1151.jpg 768w, https:\/\/bojanasinic.com\/wp-content\/uploads\/2025\/01\/photo__0093-1024x1536.jpg 1024w, https:\/\/bojanasinic.com\/wp-content\/uploads\/2025\/01\/photo__0093-1366x2048.jpg 1366w, https:\/\/bojanasinic.com\/wp-content\/uploads\/2025\/01\/photo__0093-8x12.jpg 8w\" sizes=\"auto, (max-width: 1707px) 100vw, 1707px\" \/><\/span><\/figure><\/div>\n\n\n\n<div class=\"wp-block-stackable-column stk-block-column stk-column stk-block stk-98bf171\" data-v=\"4\" data-block-id=\"98bf171\"><style>.stk-98bf171 {align-items:center !important;display:flex !important;}<\/style><div class=\"stk-column-wrapper stk-block-column__content stk-container stk-98bf171-container stk--no-background stk--no-padding\"><div class=\"stk-block-content stk-inner-blocks stk-98bf171-inner-blocks\">\n<div class=\"wp-block-stackable-subtitle stk-block-subtitle stk-block stk-ea4ba27\" data-block-id=\"ea4ba27\"><style>.stk-ea4ba27 {margin-bottom:8px !important;opacity:0 !important;}:where(.stk-hover-parent:hover,  .stk-hover-parent.stk--is-hovered) .stk-ea4ba27{opacity:1 !important;}.stk-ea4ba27 .stk-block-subtitle__text{color:#FFFFFF !important;}<\/style><p class=\"stk-block-subtitle__text stk-subtitle has-text-color has-white-color\"><\/p><\/div>\n\n\n\n<div class=\"wp-block-stackable-heading stk-block-heading stk-block-heading--v2 stk-block stk-c4feac7\" data-block-id=\"c4feac7\"><style>.stk-c4feac7 .stk-block-heading__text{color:#FFFFFF !important;}<\/style><h4 class=\"stk-block-heading__text has-text-color has-white-color\"><\/h4><\/div>\n\n\n\n<div class=\"wp-block-stackable-text stk-block-text stk-block stk-6167f03\" data-block-id=\"6167f03\"><style>.stk-6167f03 {opacity:0 !important;}:where(.stk-hover-parent:hover,  .stk-hover-parent.stk--is-hovered) .stk-6167f03{opacity:1 !important;}.stk-6167f03 .stk-block-text__text{color:#FFFFFF !important;}<\/style><p class=\"stk-block-text__text has-text-color has-white-color\"><\/p><\/div>\n\n\n\n<div class=\"wp-block-stackable-icon stk-block-icon stk-block stk-23d1f75\" data-block-id=\"23d1f75\"><style>.stk-23d1f75 {margin-top:56px !important;opacity:0 !important;}:where(.stk-hover-parent:hover,  .stk-hover-parent.stk--is-hovered) .stk-23d1f75{opacity:1 !important;}.stk-23d1f75 .stk--svg-wrapper .stk--inner-svg svg:last-child, .stk-23d1f75 .stk--svg-wrapper .stk--inner-svg svg:last-child :is(g, path, rect, polygon, ellipse){fill:#FFFFFF !important;}<\/style><span class=\"stk--svg-wrapper\"><div class=\"stk--inner-svg\"><svg style=\"height:0;width:0\"><defs><linearGradient id=\"linear-gradient-23d1f75\" x1=\"0\" x2=\"100%\" y1=\"0\" y2=\"0\"><stop offset=\"0%\" style=\"stop-opacity:1;stop-color:var(--linear-gradient-23-d-1-f-75-color-1)\"><\/stop><stop offset=\"100%\" style=\"stop-opacity:1;stop-color:var(--linear-gradient-23-d-1-f-75-color-2)\"><\/stop><\/linearGradient><\/defs><\/svg><svg data-prefix=\"fas\" data-icon=\"arrow-right\" class=\"svg-inline--fa fa-arrow-right fa-w-14\" xmlns=\"http:\/\/www.w3.org\/2000\/svg\" viewBox=\"0 0 448 512\" aria-hidden=\"true\" width=\"32\" height=\"32\"><path fill=\"currentColor\" d=\"M190.5 66.9l22.2-22.2c9.4-9.4 24.6-9.4 33.9 0L441 239c9.4 9.4 9.4 24.6 0 33.9L246.6 467.3c-9.4 9.4-24.6 9.4-33.9 0l-22.2-22.2c-9.5-9.5-9.3-25 .4-34.3L311.4 296H24c-13.3 0-24-10.7-24-24v-32c0-13.3 10.7-24 24-24h287.4L190.9 101.2c-9.8-9.3-10-24.8-.4-34.3z\"><\/path><\/svg><\/div><\/span><\/div>\n<\/div><\/div><\/div>\n<\/div><\/div>\n<\/div><\/div><\/div>\n<\/div><\/div>\n\n\n\n<div class=\"wp-block-stackable-columns stk-block-columns stk-block stk-b9f3a44\" data-block-id=\"b9f3a44\"><style>.stk-b9f3a44 {margin-top:-120px !important;margin-bottom:0px !important;opacity:1 !important;}@media screen and (max-width: 1023px){.stk-b9f3a44 {padding-right:30px !important;padding-left:30px !important;margin-top:-90px !important;}}@media screen and (max-width: 767px){.stk-b9f3a44 {padding-right:30px !important;padding-left:30px !important;margin-top:-40px !important;}}<\/style><div class=\"stk-row stk-inner-blocks stk-block-content stk-content-align stk-b9f3a44-column\">\n<div class=\"wp-block-stackable-column stk-block-column stk-column stk-block stk-477eff0\" data-v=\"4\" data-block-id=\"477eff0\"><style>.stk-477eff0-container{background-color:#faf7f4 !important;box-shadow:none !important;max-width:900px !important;min-width:auto !important;padding-top:70px !important;padding-right:70px !important;padding-bottom:70px !important;padding-left:70px !important;margin-right:auto !important;margin-left:auto !important;}.stk-477eff0-container:hover{background-color:#faf2ed !important;}.stk-477eff0-container:before{background-color:#faf7f4 !important;}.stk-477eff0-container:hover:before{background-color:#faf2ed !important;}@media screen and (max-width: 1023px){.stk-477eff0-container{padding-top:30px !important;padding-right:30px !important;padding-bottom:30px !important;padding-left:30px !important;}}@media screen and (max-width: 767px){.stk-477eff0-container{padding-top:30px !important;padding-right:30px !important;padding-bottom:30px !important;padding-left:30px !important;}}<\/style><div class=\"stk-column-wrapper stk-block-column__content stk-container stk-477eff0-container stk-hover-parent\"><div class=\"stk-block-content stk-inner-blocks stk-477eff0-inner-blocks\">\n<p class=\"has-text-align-center\">\u017de v zgodnjih letih sem imela globoko zavedanje, da bi stvari v svetu in v nas samih lahko delovale druga\u010de.<\/p>\n\n\n\n<p class=\"has-text-align-center\">Vedno so me zanimale stvari, ki jih ne moremo obrazlo\u017eiti z umom. Najbolj doma sem se po\u010dutila, ko sem prebirala knjige, bila v dru\u017ebi ljudi in obiskovala razli\u010dne delavnice, ki so govorile o druga\u010dni dimenziji tega \u017eivljenja.&nbsp;&nbsp;&nbsp;<\/p>\n\n\n\n<p class=\"has-text-align-center\">\u017divljenje me je peljalo skozi razli\u010dne dogodke in trenutke, ko sem se morala ustaviti in pogledati, kaj se dogaja v meni in od kod izvirajo notranji ob\u010dutki.&nbsp;Vedno, ko sem se oddaljila od svoje du\u0161e, me je telo&nbsp;&nbsp;ustavilo in opomnilo,&nbsp;kdo sem globoko v sebi in kaj je zares pomembno zame.&nbsp;\u017delja po razumevanju lastnega notranjega sveta in razli\u010dnih vzorcev me je vodila do pridobivanja znanja iz razli\u010dnih podro\u010dij energijskega in alternativnega zdravljenja.&nbsp;<\/p>\n\n\n\n<p class=\"has-text-align-center\">Nekaj let nazaj me je pot ponesla v London, kjer sem delala z otroki. Na podlagi izku\u0161enj dela z otroki sem ozavestila, kako zelo pomembna je zgodnja izku\u0161nja, ki jo imamo s prihodom na svet in kako lahko celostni in zavestni pristop naredi izku\u0161njo rojstva in nose\u010dnosti druga\u010dno.&nbsp;Rojstvo kot utele\u0161enje na ta planet se zgodi enkrat in ima pomembno&nbsp;&nbsp;vlogo v \u017eivljenju. V ozadju tega, kako du\u0161e pridejo na ta svet, pa se dogaja veliko ve\u010d, kot se zavedamo. Tako je na mojo pot pri\u0161el seminar adoule. Informacije, ki so mi tako poznane in so kot nek daljni spomin, ki je del mene.&nbsp;<\/p>\n\n\n\n<p class=\"has-text-align-center\">Skozi raziskovanje in delom na sebi mi je bilo pokazano, kako zelo pomembna je povezanost z naravo.&nbsp;Frekvenca narave nas popelje v to, kar resni\u010dno smo, in v prostor, kjer se lahko resni\u010dno sli\u0161imo. Narava nas vra\u010da k nam samim s svojimi zvoki, ljubeznijo in svetlobo in v nas obudi zelo mo\u010dan spomin povezanosti s celoto.&nbsp;Vedno sem bila globoko povezana z elementom vode, v zadnjem letu sem tudi imela&nbsp;&nbsp;prilo\u017enost plavati z delfini in kiti in izkusiti naravo na razli\u010dnih delih sveta. Spoznala sem, kako&nbsp;&nbsp;zelo mogo\u010dna in podporna je za dele nas, ki to trenutno najbolj potrebujejo.&nbsp;<\/p>\n\n\n\n<p class=\"has-text-align-center\">Danes \u017eelim biti podpora star\u0161em, ki se pripravljajo na nose\u010dnost, ki so \u017ee nose\u010di ali so imeli kakr\u0161no koli izku\u0161njo poroda in si \u017eelijo druga\u010dnega, celostnega pristopa. Pomagam vam z mentorskim programom adoule in individualnim svetovanjem za posameznike, ki si \u017eelijo ve\u010d lahkotnosti v svojem \u017eivljenju in globjo povezanost s sabo, ter za vse star\u0161e, ki so imeli kakr\u0161no koli izku\u0161njo izgube otroka med nose\u010dnostjo in si \u017eelijo dodatno oporo.<\/p>\n<\/div><\/div><\/div>\n<\/div><\/div>\n\n\n\n<div class=\"wp-block-stackable-columns alignwide stk-block-columns stk-block stk-8226d57\" data-block-id=\"8226d57\"><style>.stk-8226d57 {padding-top:100px !important;padding-bottom:100px !important;margin-bottom:0px !important;}.stk-8226d57-column{max-width:1200px !important;min-width:auto !important;}@media screen and (max-width: 1023px){.stk-8226d57 {padding-top:40px !important;padding-right:30px !important;padding-bottom:40px !important;padding-left:30px !important;}}@media screen and (max-width: 767px){.stk-8226d57 {padding-top:40px !important;padding-right:30px !important;padding-bottom:40px !important;padding-left:30px !important;}}<\/style><div class=\"stk-row stk-inner-blocks stk-block-content stk-content-align stk-8226d57-column alignwide\">\n<div class=\"wp-block-stackable-column stk-block-column stk-column stk-block stk-9491171\" data-v=\"4\" data-block-id=\"9491171\"><style>.stk-9491171-container{margin-top:0px !important;margin-right:0px !important;margin-bottom:0px !important;margin-left:0px !important;}.stk-9491171-inner-blocks{row-gap:0px !important;}.stk-9491171 {padding-top:0px !important;padding-right:0px !important;padding-bottom:0px !important;padding-left:0px !important;}<\/style><div class=\"stk-column-wrapper stk-block-column__content stk-container stk-9491171-container stk--no-background stk--no-padding\"><div class=\"stk-block-content stk-inner-blocks stk-9491171-inner-blocks\">\n<div class=\"wp-block-stackable-heading stk-block-heading stk-block-heading--v2 stk-block stk-08aa1e6\" id=\"a-human-being-needs-to-be-seen-heard-touched-and-listened-to-then-all-the-patterns-and-whatever-is-running-them-can-never-control-them-it-is-transmuted-through-love\" data-block-id=\"08aa1e6\"><style>.stk-08aa1e6 {align-items:center !important;max-width:1000px !important;min-width:auto !important;margin-right:auto !important;margin-bottom:12px !important;margin-left:auto !important;display:flex !important;}.stk-08aa1e6 .stk-block-heading__text{font-size:22px !important;color:#ab9076 !important;font-weight:400 !important;}@media screen and (max-width: 1023px){.stk-08aa1e6 .stk-block-heading__text{font-size:22px !important;}}@media screen and (max-width: 767px){.stk-08aa1e6 .stk-block-heading__text{font-size:20px !important;}}<\/style><h3 class=\"stk-block-heading__text has-text-color has-text-align-center\">\u201dA human being needs to be seen, heard, touched and listened to. Then all the patterns and whatever is running them can never control them. It is transmuted through love.\u201d<\/h3><\/div>\n\n\n\n<div class=\"wp-block-stackable-heading stk-block-heading stk-block-heading--v2 stk-block stk-8885735\" id=\"em-oracle-girl-em\" data-block-id=\"8885735\"><style>.stk-8885735 {margin-bottom:0px !important;}.stk-8885735 .stk-block-heading__text{font-size:20px !important;color:#ab9076 !important;font-weight:400 !important;}@media screen and (max-width: 1023px){.stk-8885735 .stk-block-heading__text{font-size:20px !important;}}@media screen and (max-width: 767px){.stk-8885735 .stk-block-heading__text{font-size:17px !important;}}<\/style><h3 class=\"stk-block-heading__text has-text-color has-text-align-center\"><em>Oracle Girl<\/em><\/h3><\/div>\n<\/div><\/div><\/div>\n<\/div><\/div>\n","protected":false},"excerpt":{"rendered":"<p>\u017de v zgodnjih letih sem imela globoko zavedanje, da bi stvari v svetu in v nas samih lahko delovale druga\u010de. Vedno so me zanimale stvari, ki jih ne moremo obrazlo\u017eiti z umom. Najbolj doma sem se po\u010dutila, ko sem prebirala knjige, bila v dru\u017ebi ljudi in obiskovala razli\u010dne delavnice, ki so govorile o druga\u010dni dimenziji [&hellip;]<\/p>\n","protected":false},"author":2,"featured_media":0,"parent":0,"menu_order":0,"comment_status":"closed","ping_status":"closed","template":"page-no-title","meta":{"episode_type":"","audio_file":"","podmotor_file_id":"","podmotor_episode_id":"","cover_image":"","cover_image_id":"","duration":"","filesize":"","filesize_raw":"","date_recorded":"","explicit":"","block":"","itunes_episode_number":"","itunes_title":"","itunes_season_number":"","itunes_episode_type":"","footnotes":""},"class_list":["post-315","page","type-page","status-publish","hentry"],"_links":{"self":[{"href":"https:\/\/bojanasinic.com\/sl\/wp-json\/wp\/v2\/pages\/315","targetHints":{"allow":["GET"]}}],"collection":[{"href":"https:\/\/bojanasinic.com\/sl\/wp-json\/wp\/v2\/pages"}],"about":[{"href":"https:\/\/bojanasinic.com\/sl\/wp-json\/wp\/v2\/types\/page"}],"author":[{"embeddable":true,"href":"https:\/\/bojanasinic.com\/sl\/wp-json\/wp\/v2\/users\/2"}],"replies":[{"embeddable":true,"href":"https:\/\/bojanasinic.com\/sl\/wp-json\/wp\/v2\/comments?post=315"}],"version-history":[{"count":111,"href":"https:\/\/bojanasinic.com\/sl\/wp-json\/wp\/v2\/pages\/315\/revisions"}],"predecessor-version":[{"id":1737,"href":"https:\/\/bojanasinic.com\/sl\/wp-json\/wp\/v2\/pages\/315\/revisions\/1737"}],"wp:attachment":[{"href":"https:\/\/bojanasinic.com\/sl\/wp-json\/wp\/v2\/media?parent=315"}],"curies":[{"name":"wp","href":"https:\/\/api.w.org\/{rel}","templated":true}]}}